{"id":22284,"date":"2025-09-18T12:21:14","date_gmt":"2025-09-18T10:21:14","guid":{"rendered":"https:\/\/jobmotivation.be\/?page_id=22284"},"modified":"2025-09-18T12:33:24","modified_gmt":"2025-09-18T10:33:24","slug":"contact-2","status":"publish","type":"page","link":"https:\/\/jobmotivation.be\/fr\/contact-2\/","title":{"rendered":"Contact"},"content":{"rendered":"\t\t<div data-elementor-type=\"wp-page\" data-elementor-id=\"22284\" class=\"elementor elementor-22284 elementor-22282\" data-elementor-post-type=\"page\">\n\t\t\t\t\t\t<section class=\"elementor-section elementor-top-section elementor-element elementor-element-e6fc956 elementor-section-boxed elementor-section-height-default elementor-section-height-default\" data-id=\"e6fc956\" data-element_type=\"section\" data-e-type=\"section\">\n\t\t\t\t\t\t<div class=\"elementor-container elementor-column-gap-default\">\n\t\t\t\t\t<div class=\"elementor-column elementor-col-100 elementor-top-column elementor-element elementor-element-9630408\" data-id=\"9630408\" data-element_type=\"column\" data-e-type=\"column\">\n\t\t\t<div class=\"elementor-widget-wrap elementor-element-populated\">\n\t\t\t\t\t\t<div class=\"elementor-element elementor-element-b34be9c elementor-invisible elementor-widget elementor-widget-heading\" data-id=\"b34be9c\" data-element_type=\"widget\" data-e-type=\"widget\" data-settings=\"{&quot;_animation&quot;:&quot;fadeIn&quot;}\" data-widget_type=\"heading.default\">\n\t\t\t\t<div class=\"elementor-widget-container\">\n\t\t\t\t\t<h2 class=\"elementor-heading-title elementor-size-default\">Contactez Jobmotivation. Vous voulez en savoir plus ? <\/h2>\t\t\t\t<\/div>\n\t\t\t\t<\/div>\n\t\t\t\t<div class=\"elementor-element elementor-element-dd69cdd elementor-invisible elementor-widget elementor-widget-heading\" data-id=\"dd69cdd\" data-element_type=\"widget\" data-e-type=\"widget\" data-settings=\"{&quot;_animation&quot;:&quot;fadeIn&quot;}\" data-widget_type=\"heading.default\">\n\t\t\t\t<div class=\"elementor-widget-container\">\n\t\t\t\t\t<h3 class=\"elementor-heading-title elementor-size-default\">Remplissez vos coordonn\u00e9es ici et nous vous contacterons dans les plus brefs d\u00e9lais !<\/h3>\t\t\t\t<\/div>\n\t\t\t\t<\/div>\n\t\t\t\t\t<\/div>\n\t\t<\/div>\n\t\t\t\t\t<\/div>\n\t\t<\/section>\n\t\t\t\t<section class=\"elementor-section elementor-top-section elementor-element elementor-element-d42302c elementor-section-boxed elementor-section-height-default elementor-section-height-default\" data-id=\"d42302c\" data-element_type=\"section\" data-e-type=\"section\">\n\t\t\t\t\t\t<div class=\"elementor-container elementor-column-gap-default\">\n\t\t\t\t\t<div class=\"elementor-column elementor-col-50 elementor-top-column elementor-element elementor-element-83c6f8e\" data-id=\"83c6f8e\" data-element_type=\"column\" data-e-type=\"column\">\n\t\t\t<div class=\"elementor-widget-wrap elementor-element-populated\">\n\t\t\t\t\t\t<div class=\"elementor-element elementor-element-e25d9b1 elementor-button-align-stretch elementor-invisible elementor-widget elementor-widget-form\" data-id=\"e25d9b1\" data-element_type=\"widget\" data-e-type=\"widget\" data-settings=\"{&quot;step_next_label&quot;:&quot;Next&quot;,&quot;step_previous_label&quot;:&quot;Previous&quot;,&quot;_animation&quot;:&quot;fadeIn&quot;,&quot;button_width&quot;:&quot;100&quot;,&quot;step_type&quot;:&quot;number_text&quot;,&quot;step_icon_shape&quot;:&quot;circle&quot;}\" data-widget_type=\"form.default\">\n\t\t\t\t<div class=\"elementor-widget-container\">\n\t\t\t\t\t\t\t<form class=\"elementor-form\" method=\"post\" name=\"Contact FR\" aria-label=\"Contact FR\">\n\t\t\t<input type=\"hidden\" name=\"post_id\" value=\"22284\"\/>\n\t\t\t<input type=\"hidden\" name=\"form_id\" value=\"e25d9b1\"\/>\n\t\t\t<input type=\"hidden\" name=\"referer_title\" value=\"Contact - Jobmotivation\" \/>\n\n\t\t\t\t\t\t\t<input type=\"hidden\" name=\"queried_id\" value=\"22284\"\/>\n\t\t\t\n\t\t\t<div class=\"elementor-form-fields-wrapper elementor-labels-\">\n\t\t\t\t\t\t\t\t<div class=\"elementor-field-type-text elementor-field-group elementor-column elementor-field-group-voornaam elementor-col-50 elementor-field-required\">\n\t\t\t\t\t\t\t\t\t\t\t\t<label for=\"form-field-voornaam\" class=\"elementor-field-label elementor-screen-only\">\n\t\t\t\t\t\t\t\tPr\u00e9nom\t\t\t\t\t\t\t<\/label>\n\t\t\t\t\t\t\t\t\t\t\t\t\t\t<input size=\"1\" type=\"text\" name=\"form_fields[voornaam]\" id=\"form-field-voornaam\" class=\"elementor-field elementor-size-sm  elementor-field-textual\" placeholder=\"Pr\u00e9nom\" required=\"required\">\n\t\t\t\t\t\t\t\t\t\t\t<\/div>\n\t\t\t\t\t\t\t\t<div class=\"elementor-field-type-text elementor-field-group elementor-column elementor-field-group-achternaam elementor-col-50 elementor-field-required\">\n\t\t\t\t\t\t\t\t\t\t\t\t<label for=\"form-field-achternaam\" class=\"elementor-field-label elementor-screen-only\">\n\t\t\t\t\t\t\t\tNom de famille\t\t\t\t\t\t\t<\/label>\n\t\t\t\t\t\t\t\t\t\t\t\t\t\t<input size=\"1\" type=\"text\" name=\"form_fields[achternaam]\" id=\"form-field-achternaam\" class=\"elementor-field elementor-size-sm  elementor-field-textual\" placeholder=\"Nom de famille\" required=\"required\">\n\t\t\t\t\t\t\t\t\t\t\t<\/div>\n\t\t\t\t\t\t\t\t<div class=\"elementor-field-type-text elementor-field-group elementor-column elementor-field-group-telefoon elementor-col-100 elementor-field-required\">\n\t\t\t\t\t\t\t\t\t\t\t\t<label for=\"form-field-telefoon\" class=\"elementor-field-label elementor-screen-only\">\n\t\t\t\t\t\t\t\tNumero de t\u00e9l\u00e9phone\t\t\t\t\t\t\t<\/label>\n\t\t\t\t\t\t\t\t\t\t\t\t\t\t<input size=\"1\" type=\"text\" name=\"form_fields[telefoon]\" id=\"form-field-telefoon\" class=\"elementor-field elementor-size-sm  elementor-field-textual\" placeholder=\"Numero de t\u00e9l\u00e9phone\" required=\"required\">\n\t\t\t\t\t\t\t\t\t\t\t<\/div>\n\t\t\t\t\t\t\t\t<div class=\"elementor-field-type-email elementor-field-group elementor-column elementor-field-group-email elementor-col-100 elementor-field-required\">\n\t\t\t\t\t\t\t\t\t\t\t\t<label for=\"form-field-email\" class=\"elementor-field-label elementor-screen-only\">\n\t\t\t\t\t\t\t\tEmail\t\t\t\t\t\t\t<\/label>\n\t\t\t\t\t\t\t\t\t\t\t\t\t\t<input size=\"1\" type=\"email\" name=\"form_fields[email]\" id=\"form-field-email\" class=\"elementor-field elementor-size-sm  elementor-field-textual\" placeholder=\"Email\" required=\"required\">\n\t\t\t\t\t\t\t\t\t\t\t<\/div>\n\t\t\t\t\t\t\t\t<div class=\"elementor-field-type-textarea elementor-field-group elementor-column elementor-field-group-uw_vraag elementor-col-100 elementor-field-required\">\n\t\t\t\t\t\t\t\t\t\t\t\t<label for=\"form-field-uw_vraag\" class=\"elementor-field-label elementor-screen-only\">\n\t\t\t\t\t\t\t\tVotre question\t\t\t\t\t\t\t<\/label>\n\t\t\t\t\t\t<textarea class=\"elementor-field-textual elementor-field  elementor-size-sm\" name=\"form_fields[uw_vraag]\" id=\"form-field-uw_vraag\" rows=\"4\" placeholder=\"Votre question\" required=\"required\"><\/textarea>\t\t\t\t<\/div>\n\t\t\t\t\t\t\t\t<div class=\"elementor-field-type-acceptance elementor-field-group elementor-column elementor-field-group-field_bdc0815 elementor-col-100 elementor-field-required\">\n\t\t\t\t\t\t\t\t\t\t\t\t<label for=\"form-field-field_bdc0815\" class=\"elementor-field-label elementor-screen-only\">\n\t\t\t\t\t\t\t\tAcceptance\t\t\t\t\t\t\t<\/label>\n\t\t\t\t\t\t\t\t<div class=\"elementor-field-subgroup\">\n\t\t\t<span class=\"elementor-field-option\">\n\t\t\t\t<input type=\"checkbox\" name=\"form_fields[field_bdc0815]\" id=\"form-field-field_bdc0815\" class=\"elementor-field elementor-size-sm  elementor-acceptance-field\" required=\"required\">\n\t\t\t\t<label for=\"form-field-field_bdc0815\">J'accepte la politique de confidentialit\u00e9 et je souhaite \u00eatre contact\u00e9.<\/label>\t\t\t<\/span>\n\t\t<\/div>\n\t\t\t\t\t\t<\/div>\n\t\t\t\t\t\t\t\t<div class=\"elementor-field-type-recaptcha_v3 elementor-field-group elementor-column elementor-field-group-field_82de9f8 elementor-col-100 recaptcha_v3-bottomleft\">\n\t\t\t\t\t<div class=\"elementor-field\" id=\"form-field-field_82de9f8\"><div class=\"elementor-g-recaptcha\" data-sitekey=\"6LcNb9wZAAAAAJ2jjcv2CFjKhf9ZBEbmsvSZTCL3\" data-type=\"v3\" data-action=\"Form\" data-badge=\"bottomleft\" data-size=\"invisible\"><\/div><\/div>\t\t\t\t<\/div>\n\t\t\t\t\t\t\t\t<div class=\"elementor-field-group elementor-column elementor-field-type-submit elementor-col-100 e-form__buttons\">\n\t\t\t\t\t<button class=\"elementor-button elementor-size-sm\" type=\"submit\">\n\t\t\t\t\t\t<span class=\"elementor-button-content-wrapper\">\n\t\t\t\t\t\t\t\t\t\t\t\t\t\t\t\t\t\t\t\t\t\t<span class=\"elementor-button-text\">Envoyer<\/span>\n\t\t\t\t\t\t\t\t\t\t\t\t\t<\/span>\n\t\t\t\t\t<\/button>\n\t\t\t\t<\/div>\n\t\t\t<\/div>\n\t\t<\/form>\n\t\t\t\t\t\t<\/div>\n\t\t\t\t<\/div>\n\t\t\t\t\t<\/div>\n\t\t<\/div>\n\t\t\t\t<div class=\"elementor-column elementor-col-50 elementor-top-column elementor-element elementor-element-53fa6ed\" data-id=\"53fa6ed\" data-element_type=\"column\" data-e-type=\"column\">\n\t\t\t<div class=\"elementor-widget-wrap elementor-element-populated\">\n\t\t\t\t\t\t<div class=\"elementor-element elementor-element-f10a976 elementor-invisible elementor-widget elementor-widget-image\" data-id=\"f10a976\" data-element_type=\"widget\" data-e-type=\"widget\" data-settings=\"{&quot;_animation&quot;:&quot;fadeIn&quot;}\" data-widget_type=\"image.default\">\n\t\t\t\t<div class=\"elementor-widget-container\">\n\t\t\t\t\t\t\t\t\t\t\t\t\t\t\t<img fetchpriority=\"high\" decoding=\"async\" width=\"300\" height=\"300\" src=\"https:\/\/jobmotivation.be\/wp-content\/uploads\/Peter-2020-300x300.jpg\" class=\"attachment-medium size-medium wp-image-12804\" alt=\"\" srcset=\"https:\/\/jobmotivation.be\/wp-content\/uploads\/Peter-2020-300x300.jpg 300w, https:\/\/jobmotivation.be\/wp-content\/uploads\/Peter-2020-150x150.jpg 150w, https:\/\/jobmotivation.be\/wp-content\/uploads\/Peter-2020-75x75.jpg 75w, https:\/\/jobmotivation.be\/wp-content\/uploads\/Peter-2020.jpg 500w\" sizes=\"(max-width: 300px) 100vw, 300px\" \/>\t\t\t\t\t\t\t\t\t\t\t\t\t\t\t<\/div>\n\t\t\t\t<\/div>\n\t\t\t\t<div class=\"elementor-element elementor-element-0fc516c elementor-align-start elementor-mobile-align-center elementor-icon-list--layout-traditional elementor-list-item-link-full_width elementor-invisible elementor-widget elementor-widget-icon-list\" data-id=\"0fc516c\" data-element_type=\"widget\" data-e-type=\"widget\" data-settings=\"{&quot;_animation&quot;:&quot;fadeIn&quot;}\" data-widget_type=\"icon-list.default\">\n\t\t\t\t<div class=\"elementor-widget-container\">\n\t\t\t\t\t\t\t<ul class=\"elementor-icon-list-items\">\n\t\t\t\t\t\t\t<li class=\"elementor-icon-list-item\">\n\t\t\t\t\t\t\t\t\t\t\t<span class=\"elementor-icon-list-icon\">\n\t\t\t\t\t\t\t<i aria-hidden=\"true\" class=\"fas fa-user\"><\/i>\t\t\t\t\t\t<\/span>\n\t\t\t\t\t\t\t\t\t\t<span class=\"elementor-icon-list-text\"> Peter Callens<\/span>\n\t\t\t\t\t\t\t\t\t<\/li>\n\t\t\t\t\t\t\t\t<li class=\"elementor-icon-list-item\">\n\t\t\t\t\t\t\t\t\t\t\t<a href=\"mailto:peter@jobmotivation.be\">\n\n\t\t\t\t\t\t\t\t\t\t\t\t<span class=\"elementor-icon-list-icon\">\n\t\t\t\t\t\t\t<i aria-hidden=\"true\" class=\"fas fa-envelope\"><\/i>\t\t\t\t\t\t<\/span>\n\t\t\t\t\t\t\t\t\t\t<span class=\"elementor-icon-list-text\">peter@jobmotivation.be<\/span>\n\t\t\t\t\t\t\t\t\t\t\t<\/a>\n\t\t\t\t\t\t\t\t\t<\/li>\n\t\t\t\t\t\t\t\t<li class=\"elementor-icon-list-item\">\n\t\t\t\t\t\t\t\t\t\t\t<a href=\"tel:0032%2055%20305%20270\">\n\n\t\t\t\t\t\t\t\t\t\t\t\t<span class=\"elementor-icon-list-icon\">\n\t\t\t\t\t\t\t<i aria-hidden=\"true\" class=\"fas fa-phone-alt\"><\/i>\t\t\t\t\t\t<\/span>\n\t\t\t\t\t\t\t\t\t\t<span class=\"elementor-icon-list-text\">0032 55 305 270<\/span>\n\t\t\t\t\t\t\t\t\t\t\t<\/a>\n\t\t\t\t\t\t\t\t\t<\/li>\n\t\t\t\t\t\t<\/ul>\n\t\t\t\t\t\t<\/div>\n\t\t\t\t<\/div>\n\t\t\t\t\t<\/div>\n\t\t<\/div>\n\t\t\t\t\t<\/div>\n\t\t<\/section>\n\t\t\t\t<\/div>\n\t\t","protected":false},"excerpt":{"rendered":"<p>Contactez Jobmotivation. Vous voulez en savoir plus ? Remplissez vos coordonn\u00e9es ici et nous vous contacterons dans les plus brefs d\u00e9lais ! Peter Callens peter@jobmotivation.be 0032 55 305 270<\/p>\n","protected":false},"author":8,"featured_media":0,"parent":0,"menu_order":0,"comment_status":"closed","ping_status":"closed","template":"elementor_header_footer","meta":{"om_disable_all_campaigns":false,"footnotes":""},"class_list":["post-22284","page","type-page","status-publish","hentry"],"yoast_head":"<!-- This site is optimized with the Yoast SEO plugin v27.3 - https:\/\/yoast.com\/product\/yoast-seo-wordpress\/ -->\n<title>Contact - Jobmotivation<\/title>\n<meta name=\"description\" content=\"Met een contact Jobmotivation ga je veel toevoegen aan je rekruteringsproces als recruiter of je team als leidinggevende\" \/>\n<meta name=\"robots\" content=\"index, follow, max-snippet:-1, max-image-preview:large, max-video-preview:-1\" \/>\n<link rel=\"canonical\" href=\"https:\/\/jobmotivation.be\/fr\/contact-2\/\" \/>\n<meta property=\"og:locale\" content=\"fr_FR\" \/>\n<meta property=\"og:type\" content=\"article\" \/>\n<meta property=\"og:title\" content=\"Contact - Jobmotivation\" \/>\n<meta property=\"og:description\" content=\"Met een contact Jobmotivation ga je veel toevoegen aan je rekruteringsproces als recruiter of je team als leidinggevende\" \/>\n<meta property=\"og:url\" content=\"https:\/\/jobmotivation.be\/fr\/contact-2\/\" \/>\n<meta property=\"og:site_name\" content=\"Jobmotivation\" \/>\n<meta property=\"article:modified_time\" content=\"2025-09-18T10:33:24+00:00\" \/>\n<meta property=\"og:image\" content=\"https:\/\/jobmotivation.be\/wp-content\/uploads\/Peter-2020.jpg\" \/>\n\t<meta property=\"og:image:width\" content=\"500\" \/>\n\t<meta property=\"og:image:height\" content=\"500\" \/>\n\t<meta property=\"og:image:type\" content=\"image\/jpeg\" \/>\n<meta name=\"twitter:card\" content=\"summary_large_image\" \/>\n<meta name=\"twitter:label1\" content=\"Dur\u00e9e de lecture estim\u00e9e\" \/>\n\t<meta name=\"twitter:data1\" content=\"1 minute\" \/>\n<script type=\"application\/ld+json\" class=\"yoast-schema-graph\">{\"@context\":\"https:\\\/\\\/schema.org\",\"@graph\":[{\"@type\":\"WebPage\",\"@id\":\"https:\\\/\\\/jobmotivation.be\\\/fr\\\/contact-2\\\/\",\"url\":\"https:\\\/\\\/jobmotivation.be\\\/fr\\\/contact-2\\\/\",\"name\":\"Contact - Jobmotivation\",\"isPartOf\":{\"@id\":\"https:\\\/\\\/jobmotivation.be\\\/fr\\\/#website\"},\"primaryImageOfPage\":{\"@id\":\"https:\\\/\\\/jobmotivation.be\\\/fr\\\/contact-2\\\/#primaryimage\"},\"image\":{\"@id\":\"https:\\\/\\\/jobmotivation.be\\\/fr\\\/contact-2\\\/#primaryimage\"},\"thumbnailUrl\":\"https:\\\/\\\/jobmotivation.be\\\/wp-content\\\/uploads\\\/Peter-2020-300x300.jpg\",\"datePublished\":\"2025-09-18T10:21:14+00:00\",\"dateModified\":\"2025-09-18T10:33:24+00:00\",\"description\":\"Met een contact Jobmotivation ga je veel toevoegen aan je rekruteringsproces als recruiter of je team als leidinggevende\",\"breadcrumb\":{\"@id\":\"https:\\\/\\\/jobmotivation.be\\\/fr\\\/contact-2\\\/#breadcrumb\"},\"inLanguage\":\"fr-FR\",\"potentialAction\":[{\"@type\":\"ReadAction\",\"target\":[\"https:\\\/\\\/jobmotivation.be\\\/fr\\\/contact-2\\\/\"]}]},{\"@type\":\"ImageObject\",\"inLanguage\":\"fr-FR\",\"@id\":\"https:\\\/\\\/jobmotivation.be\\\/fr\\\/contact-2\\\/#primaryimage\",\"url\":\"https:\\\/\\\/jobmotivation.be\\\/wp-content\\\/uploads\\\/Peter-2020-300x300.jpg\",\"contentUrl\":\"https:\\\/\\\/jobmotivation.be\\\/wp-content\\\/uploads\\\/Peter-2020-300x300.jpg\"},{\"@type\":\"BreadcrumbList\",\"@id\":\"https:\\\/\\\/jobmotivation.be\\\/fr\\\/contact-2\\\/#breadcrumb\",\"itemListElement\":[{\"@type\":\"ListItem\",\"position\":1,\"name\":\"Home\",\"item\":\"https:\\\/\\\/jobmotivation.be\\\/fr\\\/\"},{\"@type\":\"ListItem\",\"position\":2,\"name\":\"Contact\"}]},{\"@type\":\"WebSite\",\"@id\":\"https:\\\/\\\/jobmotivation.be\\\/fr\\\/#website\",\"url\":\"https:\\\/\\\/jobmotivation.be\\\/fr\\\/\",\"name\":\"Jobmotivation\",\"description\":\"Slimmer rekruteren, intelligenter coachen.\",\"publisher\":{\"@id\":\"https:\\\/\\\/jobmotivation.be\\\/fr\\\/#organization\"},\"potentialAction\":[{\"@type\":\"SearchAction\",\"target\":{\"@type\":\"EntryPoint\",\"urlTemplate\":\"https:\\\/\\\/jobmotivation.be\\\/fr\\\/?s={search_term_string}\"},\"query-input\":{\"@type\":\"PropertyValueSpecification\",\"valueRequired\":true,\"valueName\":\"search_term_string\"}}],\"inLanguage\":\"fr-FR\"},{\"@type\":\"Organization\",\"@id\":\"https:\\\/\\\/jobmotivation.be\\\/fr\\\/#organization\",\"name\":\"Jobmotivation\",\"url\":\"https:\\\/\\\/jobmotivation.be\\\/fr\\\/\",\"logo\":{\"@type\":\"ImageObject\",\"inLanguage\":\"fr-FR\",\"@id\":\"https:\\\/\\\/jobmotivation.be\\\/fr\\\/#\\\/schema\\\/logo\\\/image\\\/\",\"url\":\"https:\\\/\\\/jobmotivation.be\\\/wp-content\\\/uploads\\\/logo-transparant.png\",\"contentUrl\":\"https:\\\/\\\/jobmotivation.be\\\/wp-content\\\/uploads\\\/logo-transparant.png\",\"width\":945,\"height\":616,\"caption\":\"Jobmotivation\"},\"image\":{\"@id\":\"https:\\\/\\\/jobmotivation.be\\\/fr\\\/#\\\/schema\\\/logo\\\/image\\\/\"}}]}<\/script>\n<!-- \/ Yoast SEO plugin. -->","yoast_head_json":{"title":"Contact - Jobmotivation","description":"Met een contact Jobmotivation ga je veel toevoegen aan je rekruteringsproces als recruiter of je team als leidinggevende","robots":{"index":"index","follow":"follow","max-snippet":"max-snippet:-1","max-image-preview":"max-image-preview:large","max-video-preview":"max-video-preview:-1"},"canonical":"https:\/\/jobmotivation.be\/fr\/contact-2\/","og_locale":"fr_FR","og_type":"article","og_title":"Contact - Jobmotivation","og_description":"Met een contact Jobmotivation ga je veel toevoegen aan je rekruteringsproces als recruiter of je team als leidinggevende","og_url":"https:\/\/jobmotivation.be\/fr\/contact-2\/","og_site_name":"Jobmotivation","article_modified_time":"2025-09-18T10:33:24+00:00","og_image":[{"width":500,"height":500,"url":"https:\/\/jobmotivation.be\/wp-content\/uploads\/Peter-2020.jpg","type":"image\/jpeg"}],"twitter_card":"summary_large_image","twitter_misc":{"Dur\u00e9e de lecture estim\u00e9e":"1 minute"},"schema":{"@context":"https:\/\/schema.org","@graph":[{"@type":"WebPage","@id":"https:\/\/jobmotivation.be\/fr\/contact-2\/","url":"https:\/\/jobmotivation.be\/fr\/contact-2\/","name":"Contact - Jobmotivation","isPartOf":{"@id":"https:\/\/jobmotivation.be\/fr\/#website"},"primaryImageOfPage":{"@id":"https:\/\/jobmotivation.be\/fr\/contact-2\/#primaryimage"},"image":{"@id":"https:\/\/jobmotivation.be\/fr\/contact-2\/#primaryimage"},"thumbnailUrl":"https:\/\/jobmotivation.be\/wp-content\/uploads\/Peter-2020-300x300.jpg","datePublished":"2025-09-18T10:21:14+00:00","dateModified":"2025-09-18T10:33:24+00:00","description":"Met een contact Jobmotivation ga je veel toevoegen aan je rekruteringsproces als recruiter of je team als leidinggevende","breadcrumb":{"@id":"https:\/\/jobmotivation.be\/fr\/contact-2\/#breadcrumb"},"inLanguage":"fr-FR","potentialAction":[{"@type":"ReadAction","target":["https:\/\/jobmotivation.be\/fr\/contact-2\/"]}]},{"@type":"ImageObject","inLanguage":"fr-FR","@id":"https:\/\/jobmotivation.be\/fr\/contact-2\/#primaryimage","url":"https:\/\/jobmotivation.be\/wp-content\/uploads\/Peter-2020-300x300.jpg","contentUrl":"https:\/\/jobmotivation.be\/wp-content\/uploads\/Peter-2020-300x300.jpg"},{"@type":"BreadcrumbList","@id":"https:\/\/jobmotivation.be\/fr\/contact-2\/#breadcrumb","itemListElement":[{"@type":"ListItem","position":1,"name":"Home","item":"https:\/\/jobmotivation.be\/fr\/"},{"@type":"ListItem","position":2,"name":"Contact"}]},{"@type":"WebSite","@id":"https:\/\/jobmotivation.be\/fr\/#website","url":"https:\/\/jobmotivation.be\/fr\/","name":"Jobmotivation","description":"Slimmer rekruteren, intelligenter coachen.","publisher":{"@id":"https:\/\/jobmotivation.be\/fr\/#organization"},"potentialAction":[{"@type":"SearchAction","target":{"@type":"EntryPoint","urlTemplate":"https:\/\/jobmotivation.be\/fr\/?s={search_term_string}"},"query-input":{"@type":"PropertyValueSpecification","valueRequired":true,"valueName":"search_term_string"}}],"inLanguage":"fr-FR"},{"@type":"Organization","@id":"https:\/\/jobmotivation.be\/fr\/#organization","name":"Jobmotivation","url":"https:\/\/jobmotivation.be\/fr\/","logo":{"@type":"ImageObject","inLanguage":"fr-FR","@id":"https:\/\/jobmotivation.be\/fr\/#\/schema\/logo\/image\/","url":"https:\/\/jobmotivation.be\/wp-content\/uploads\/logo-transparant.png","contentUrl":"https:\/\/jobmotivation.be\/wp-content\/uploads\/logo-transparant.png","width":945,"height":616,"caption":"Jobmotivation"},"image":{"@id":"https:\/\/jobmotivation.be\/fr\/#\/schema\/logo\/image\/"}}]}},"_links":{"self":[{"href":"https:\/\/jobmotivation.be\/fr\/wp-json\/wp\/v2\/pages\/22284","targetHints":{"allow":["GET"]}}],"collection":[{"href":"https:\/\/jobmotivation.be\/fr\/wp-json\/wp\/v2\/pages"}],"about":[{"href":"https:\/\/jobmotivation.be\/fr\/wp-json\/wp\/v2\/types\/page"}],"author":[{"embeddable":true,"href":"https:\/\/jobmotivation.be\/fr\/wp-json\/wp\/v2\/users\/8"}],"replies":[{"embeddable":true,"href":"https:\/\/jobmotivation.be\/fr\/wp-json\/wp\/v2\/comments?post=22284"}],"version-history":[{"count":6,"href":"https:\/\/jobmotivation.be\/fr\/wp-json\/wp\/v2\/pages\/22284\/revisions"}],"predecessor-version":[{"id":22299,"href":"https:\/\/jobmotivation.be\/fr\/wp-json\/wp\/v2\/pages\/22284\/revisions\/22299"}],"wp:attachment":[{"href":"https:\/\/jobmotivation.be\/fr\/wp-json\/wp\/v2\/media?parent=22284"}],"curies":[{"name":"wp","href":"https:\/\/api.w.org\/{rel}","templated":true}]}}