{"id":21970,"date":"2024-03-31T12:09:16","date_gmt":"2024-03-31T10:09:16","guid":{"rendered":"https:\/\/jobmotivation.be\/hr-professional\/"},"modified":"2025-11-13T11:35:11","modified_gmt":"2025-11-13T10:35:11","slug":"les-motivations-de-travail","status":"publish","type":"page","link":"https:\/\/jobmotivation.be\/fr\/","title":{"rendered":"Jobmotivation"},"content":{"rendered":"\t\t<div data-elementor-type=\"wp-page\" data-elementor-id=\"21970\" class=\"elementor elementor-21970 elementor-20692\" data-elementor-post-type=\"page\">\n\t\t\t\t<div class=\"elementor-element elementor-element-5a04bf2 elementor-hidden-desktop elementor-hidden-tablet elementor-hidden-mobile e-flex e-con-boxed e-con e-parent\" data-id=\"5a04bf2\" data-element_type=\"container\" data-e-type=\"container\">\n\t\t\t\t\t<div class=\"e-con-inner\">\n\t\t<div class=\"elementor-element elementor-element-3b2e917 e-con-full e-flex e-con e-child\" data-id=\"3b2e917\" data-element_type=\"container\" data-e-type=\"container\">\n\t\t\t\t<\/div>\n\t\t<div class=\"elementor-element elementor-element-2517488 e-con-full e-flex e-con e-child\" data-id=\"2517488\" data-element_type=\"container\" data-e-type=\"container\">\n\t\t\t\t<div class=\"elementor-element elementor-element-4b5d04e elementor-widget__width-initial elementor-widget elementor-widget-image\" data-id=\"4b5d04e\" data-element_type=\"widget\" data-e-type=\"widget\" data-widget_type=\"image.default\">\n\t\t\t\t<div class=\"elementor-widget-container\">\n\t\t\t\t\t\t\t\t\t\t\t\t\t\t\t<img fetchpriority=\"high\" decoding=\"async\" width=\"300\" height=\"196\" src=\"https:\/\/jobmotivation.be\/wp-content\/uploads\/logo-transparant-300x196.png\" class=\"attachment-medium size-medium wp-image-12938\" alt=\"\" srcset=\"https:\/\/jobmotivation.be\/wp-content\/uploads\/logo-transparant-300x196.png 300w, https:\/\/jobmotivation.be\/wp-content\/uploads\/logo-transparant.png 945w\" sizes=\"(max-width: 300px) 100vw, 300px\" \/>\t\t\t\t\t\t\t\t\t\t\t\t\t\t\t<\/div>\n\t\t\t\t<\/div>\n\t\t\t\t<\/div>\n\t\t<div class=\"elementor-element elementor-element-89b9132 e-con-full e-flex e-con e-child\" data-id=\"89b9132\" data-element_type=\"container\" data-e-type=\"container\">\n\t\t\t\t<\/div>\n\t\t\t\t\t<\/div>\n\t\t\t\t<\/div>\n\t\t<div class=\"elementor-element elementor-element-b7808ca e-flex e-con-boxed e-con e-parent\" data-id=\"b7808ca\" data-element_type=\"container\" data-e-type=\"container\">\n\t\t\t\t\t<div class=\"e-con-inner\">\n\t\t\t\t<div class=\"elementor-element elementor-element-91ab11e elementor-widget elementor-widget-heading\" data-id=\"91ab11e\" data-element_type=\"widget\" data-e-type=\"widget\" data-widget_type=\"heading.default\">\n\t\t\t\t<div class=\"elementor-widget-container\">\n\t\t\t\t\t<h1 class=\"elementor-heading-title elementor-size-default\">Qu\u2019aimeriez-vous renforcer ?<\/h1>\t\t\t\t<\/div>\n\t\t\t\t<\/div>\n\t\t\t\t<div class=\"elementor-element elementor-element-319e2d6 elementor-widget elementor-widget-spacer\" data-id=\"319e2d6\" data-element_type=\"widget\" data-e-type=\"widget\" data-widget_type=\"spacer.default\">\n\t\t\t\t<div class=\"elementor-widget-container\">\n\t\t\t\t\t\t\t<div class=\"elementor-spacer\">\n\t\t\t<div class=\"elementor-spacer-inner\"><\/div>\n\t\t<\/div>\n\t\t\t\t\t\t<\/div>\n\t\t\t\t<\/div>\n\t\t\t\t\t<\/div>\n\t\t\t\t<\/div>\n\t\t<div class=\"elementor-element elementor-element-49be8e2 e-flex e-con-boxed e-con e-parent\" data-id=\"49be8e2\" data-element_type=\"container\" data-e-type=\"container\">\n\t\t\t\t\t<div class=\"e-con-inner\">\n\t\t<div class=\"elementor-element elementor-element-6607a40 e-con-full e-flex e-con e-child\" data-id=\"6607a40\" data-element_type=\"container\" data-e-type=\"container\">\n\t\t\t\t<\/div>\n\t\t<div class=\"elementor-element elementor-element-b79f714 e-flex e-con-boxed e-con e-child\" data-id=\"b79f714\" data-element_type=\"container\" data-e-type=\"container\" data-settings=\"{&quot;background_background&quot;:&quot;classic&quot;}\">\n\t\t\t\t\t<div class=\"e-con-inner\">\n\t\t\t\t<div class=\"elementor-element elementor-element-0f2b58d elementor-position-top elementor-widget elementor-widget-image-box\" data-id=\"0f2b58d\" data-element_type=\"widget\" data-e-type=\"widget\" data-widget_type=\"image-box.default\">\n\t\t\t\t<div class=\"elementor-widget-container\">\n\t\t\t\t\t<div class=\"elementor-image-box-wrapper\"><figure class=\"elementor-image-box-img\"><a href=\"https:\/\/jobmotivation.be\/fr\/orientation-professionelle-2\/\" tabindex=\"-1\"><img decoding=\"async\" width=\"2000\" height=\"1500\" src=\"https:\/\/jobmotivation.be\/wp-content\/uploads\/1-2.png\" class=\"attachment-full size-full wp-image-22411\" alt=\"Personal Coaching\" srcset=\"https:\/\/jobmotivation.be\/wp-content\/uploads\/1-2.png 2000w, https:\/\/jobmotivation.be\/wp-content\/uploads\/1-2-300x225.png 300w, https:\/\/jobmotivation.be\/wp-content\/uploads\/1-2-1024x768.png 1024w, https:\/\/jobmotivation.be\/wp-content\/uploads\/1-2-1536x1152.png 1536w\" sizes=\"(max-width: 2000px) 100vw, 2000px\" \/><\/a><\/figure><div class=\"elementor-image-box-content\"><h3 class=\"elementor-image-box-title\"><a href=\"https:\/\/jobmotivation.be\/fr\/orientation-professionelle-2\/\">Mon parcours <br>professionnel<\/a><\/h3><\/div><\/div>\t\t\t\t<\/div>\n\t\t\t\t<\/div>\n\t\t\t\t<div class=\"elementor-element elementor-element-25502d5 elementor-widget elementor-widget-text-editor\" data-id=\"25502d5\" data-element_type=\"widget\" data-e-type=\"widget\" data-widget_type=\"text-editor.default\">\n\t\t\t\t<div class=\"elementor-widget-container\">\n\t\t\t\t\t\t\t\t\t<p>Avez-vous des questions concernant votre travail, votre motivation\u00a0<span style=\"color: var( --e-global-color-text ); background-color: var( --e-global-color-9f85870 );\">ou la prochaine \u00e9tape ?<\/span><\/p>\t\t\t\t\t\t\t\t<\/div>\n\t\t\t\t<\/div>\n\t\t\t\t<div class=\"elementor-element elementor-element-9857218 elementor-align-center elementor-widget elementor-widget-button\" data-id=\"9857218\" data-element_type=\"widget\" data-e-type=\"widget\" data-widget_type=\"button.default\">\n\t\t\t\t<div class=\"elementor-widget-container\">\n\t\t\t\t\t\t\t\t\t<div class=\"elementor-button-wrapper\">\n\t\t\t\t\t<a class=\"elementor-button elementor-button-link elementor-size-sm\" href=\"https:\/\/jobmotivation.be\/fr\/orientation-professionelle-2\/\">\n\t\t\t\t\t\t<span class=\"elementor-button-content-wrapper\">\n\t\t\t\t\t\t\t\t\t<span class=\"elementor-button-text\">Alors, cliquez ici<\/span>\n\t\t\t\t\t<\/span>\n\t\t\t\t\t<\/a>\n\t\t\t\t<\/div>\n\t\t\t\t\t\t\t\t<\/div>\n\t\t\t\t<\/div>\n\t\t\t\t\t<\/div>\n\t\t\t\t<\/div>\n\t\t<div class=\"elementor-element elementor-element-8ad4051 e-flex e-con-boxed e-con e-child\" data-id=\"8ad4051\" data-element_type=\"container\" data-e-type=\"container\" data-settings=\"{&quot;background_background&quot;:&quot;classic&quot;}\">\n\t\t\t\t\t<div class=\"e-con-inner\">\n\t\t\t\t<div class=\"elementor-element elementor-element-51258b0 elementor-position-top elementor-widget elementor-widget-image-box\" data-id=\"51258b0\" data-element_type=\"widget\" data-e-type=\"widget\" data-widget_type=\"image-box.default\">\n\t\t\t\t<div class=\"elementor-widget-container\">\n\t\t\t\t\t<div class=\"elementor-image-box-wrapper\"><figure class=\"elementor-image-box-img\"><a href=\"https:\/\/jobmotivation.be\/fr\/specialist-motivation-travail\/\" tabindex=\"-1\"><img decoding=\"async\" width=\"2000\" height=\"1500\" src=\"https:\/\/jobmotivation.be\/wp-content\/uploads\/2-2.png\" class=\"attachment-full size-full wp-image-22414\" alt=\"Teams of organisatie\" srcset=\"https:\/\/jobmotivation.be\/wp-content\/uploads\/2-2.png 2000w, https:\/\/jobmotivation.be\/wp-content\/uploads\/2-2-300x225.png 300w, https:\/\/jobmotivation.be\/wp-content\/uploads\/2-2-1024x768.png 1024w, https:\/\/jobmotivation.be\/wp-content\/uploads\/2-2-1536x1152.png 1536w\" sizes=\"(max-width: 2000px) 100vw, 2000px\" \/><\/a><\/figure><div class=\"elementor-image-box-content\"><h3 class=\"elementor-image-box-title\"><a href=\"https:\/\/jobmotivation.be\/fr\/specialist-motivation-travail\/\">Mon \u00e9quipe ou <br>mon organisation<\/a><\/h3><\/div><\/div>\t\t\t\t<\/div>\n\t\t\t\t<\/div>\n\t\t\t\t<div class=\"elementor-element elementor-element-da93973 elementor-widget elementor-widget-text-editor\" data-id=\"da93973\" data-element_type=\"widget\" data-e-type=\"widget\" data-widget_type=\"text-editor.default\">\n\t\t\t\t<div class=\"elementor-widget-container\">\n\t\t\t\t\t\t\t\t\t<p>Souhaitez-vous recruter de mani\u00e8re int\u00e9grative, motiver intelligemment ou cr\u00e9er des \u00e9quipes soud\u00e9es ?<\/p>\t\t\t\t\t\t\t\t<\/div>\n\t\t\t\t<\/div>\n\t\t\t\t<div class=\"elementor-element elementor-element-730fa61 elementor-align-center elementor-widget elementor-widget-button\" data-id=\"730fa61\" data-element_type=\"widget\" data-e-type=\"widget\" data-widget_type=\"button.default\">\n\t\t\t\t<div class=\"elementor-widget-container\">\n\t\t\t\t\t\t\t\t\t<div class=\"elementor-button-wrapper\">\n\t\t\t\t\t<a class=\"elementor-button elementor-button-link elementor-size-sm\" href=\"https:\/\/jobmotivation.be\/fr\/specialist-motivation-travail\/\">\n\t\t\t\t\t\t<span class=\"elementor-button-content-wrapper\">\n\t\t\t\t\t\t\t\t\t<span class=\"elementor-button-text\">Alors, cliquez ici<\/span>\n\t\t\t\t\t<\/span>\n\t\t\t\t\t<\/a>\n\t\t\t\t<\/div>\n\t\t\t\t\t\t\t\t<\/div>\n\t\t\t\t<\/div>\n\t\t\t\t\t<\/div>\n\t\t\t\t<\/div>\n\t\t<div class=\"elementor-element elementor-element-a26e8d9 e-con-full e-flex e-con e-child\" data-id=\"a26e8d9\" data-element_type=\"container\" data-e-type=\"container\">\n\t\t\t\t<\/div>\n\t\t\t\t\t<\/div>\n\t\t\t\t<\/div>\n\t\t<div class=\"elementor-element elementor-element-489829c e-flex e-con-boxed e-con e-parent\" data-id=\"489829c\" data-element_type=\"container\" data-e-type=\"container\">\n\t\t\t\t\t<div class=\"e-con-inner\">\n\t\t\t\t<div class=\"elementor-element elementor-element-1f12b04 elementor-widget elementor-widget-spacer\" data-id=\"1f12b04\" data-element_type=\"widget\" data-e-type=\"widget\" data-widget_type=\"spacer.default\">\n\t\t\t\t<div class=\"elementor-widget-container\">\n\t\t\t\t\t\t\t<div class=\"elementor-spacer\">\n\t\t\t<div class=\"elementor-spacer-inner\"><\/div>\n\t\t<\/div>\n\t\t\t\t\t\t<\/div>\n\t\t\t\t<\/div>\n\t\t\t\t\t<\/div>\n\t\t\t\t<\/div>\n\t\t\t\t<\/div>\n\t\t","protected":false},"excerpt":{"rendered":"<p>Qu\u2019aimeriez-vous renforcer ? Mon parcours professionnel Avez-vous des questions concernant votre travail, votre motivation\u00a0ou la prochaine \u00e9tape ? Alors, cliquez ici Mon \u00e9quipe ou mon organisation Souhaitez-vous recruter de mani\u00e8re int\u00e9grative, motiver intelligemment ou cr\u00e9er des \u00e9quipes soud\u00e9es ? Alors, cliquez ici<\/p>\n","protected":false},"author":8,"featured_media":0,"parent":0,"menu_order":0,"comment_status":"closed","ping_status":"closed","template":"elementor_header_footer","meta":{"om_disable_all_campaigns":false,"footnotes":""},"class_list":["post-21970","page","type-page","status-publish","hentry"],"yoast_head":"<!-- This site is optimized with the Yoast SEO plugin v27.4 - https:\/\/yoast.com\/product\/yoast-seo-wordpress\/ -->\n<title>Les motivations de travail<\/title>\n<meta name=\"description\" content=\"Vous y d\u00e9couvrirez les motivations de travail. Pour vous comme employ\u00e9, pour votre \u00e9quipe et pour le recruteur.\" \/>\n<meta name=\"robots\" content=\"index, follow, max-snippet:-1, max-image-preview:large, max-video-preview:-1\" \/>\n<link rel=\"canonical\" href=\"https:\/\/jobmotivation.be\/fr\/\" \/>\n<meta property=\"og:locale\" content=\"fr_FR\" \/>\n<meta property=\"og:type\" content=\"article\" \/>\n<meta property=\"og:title\" content=\"Les motivations de travail\" \/>\n<meta property=\"og:description\" content=\"Vous y d\u00e9couvrirez les motivations de travail. Pour vous comme employ\u00e9, pour votre \u00e9quipe et pour le recruteur.\" \/>\n<meta property=\"og:url\" content=\"https:\/\/jobmotivation.be\/fr\/\" \/>\n<meta property=\"og:site_name\" content=\"Jobmotivation\" \/>\n<meta property=\"article:modified_time\" content=\"2025-11-13T10:35:11+00:00\" \/>\n<meta property=\"og:image\" content=\"https:\/\/jobmotivation.be\/wp-content\/uploads\/logo-transparant.png\" \/>\n\t<meta property=\"og:image:width\" content=\"945\" \/>\n\t<meta property=\"og:image:height\" content=\"616\" \/>\n\t<meta property=\"og:image:type\" content=\"image\/png\" \/>\n<meta name=\"twitter:card\" content=\"summary_large_image\" \/>\n<meta name=\"twitter:label1\" content=\"Dur\u00e9e de lecture estim\u00e9e\" \/>\n\t<meta name=\"twitter:data1\" content=\"1 minute\" \/>\n<script type=\"application\/ld+json\" class=\"yoast-schema-graph\">{\"@context\":\"https:\\\/\\\/schema.org\",\"@graph\":[{\"@type\":\"WebPage\",\"@id\":\"https:\\\/\\\/jobmotivation.be\\\/fr\\\/\",\"url\":\"https:\\\/\\\/jobmotivation.be\\\/fr\\\/\",\"name\":\"Les motivations de travail\",\"isPartOf\":{\"@id\":\"https:\\\/\\\/jobmotivation.be\\\/fr\\\/#website\"},\"primaryImageOfPage\":{\"@id\":\"https:\\\/\\\/jobmotivation.be\\\/fr\\\/#primaryimage\"},\"image\":{\"@id\":\"https:\\\/\\\/jobmotivation.be\\\/fr\\\/#primaryimage\"},\"thumbnailUrl\":\"https:\\\/\\\/jobmotivation.be\\\/wp-content\\\/uploads\\\/logo-transparant-300x196.png\",\"datePublished\":\"2024-03-31T10:09:16+00:00\",\"dateModified\":\"2025-11-13T10:35:11+00:00\",\"description\":\"Vous y d\u00e9couvrirez les motivations de travail. Pour vous comme employ\u00e9, pour votre \u00e9quipe et pour le recruteur.\",\"breadcrumb\":{\"@id\":\"https:\\\/\\\/jobmotivation.be\\\/fr\\\/#breadcrumb\"},\"inLanguage\":\"fr-FR\",\"potentialAction\":[{\"@type\":\"ReadAction\",\"target\":[\"https:\\\/\\\/jobmotivation.be\\\/fr\\\/\"]}]},{\"@type\":\"ImageObject\",\"inLanguage\":\"fr-FR\",\"@id\":\"https:\\\/\\\/jobmotivation.be\\\/fr\\\/#primaryimage\",\"url\":\"https:\\\/\\\/jobmotivation.be\\\/wp-content\\\/uploads\\\/logo-transparant-300x196.png\",\"contentUrl\":\"https:\\\/\\\/jobmotivation.be\\\/wp-content\\\/uploads\\\/logo-transparant-300x196.png\"},{\"@type\":\"BreadcrumbList\",\"@id\":\"https:\\\/\\\/jobmotivation.be\\\/fr\\\/#breadcrumb\",\"itemListElement\":[{\"@type\":\"ListItem\",\"position\":1,\"name\":\"Home\",\"item\":\"https:\\\/\\\/jobmotivation.be\\\/fr\\\/\"},{\"@type\":\"ListItem\",\"position\":2,\"name\":\"Jobmotivation\"}]},{\"@type\":\"WebSite\",\"@id\":\"https:\\\/\\\/jobmotivation.be\\\/fr\\\/#website\",\"url\":\"https:\\\/\\\/jobmotivation.be\\\/fr\\\/\",\"name\":\"Jobmotivation\",\"description\":\"Slimmer rekruteren, intelligenter coachen.\",\"publisher\":{\"@id\":\"https:\\\/\\\/jobmotivation.be\\\/fr\\\/#organization\"},\"potentialAction\":[{\"@type\":\"SearchAction\",\"target\":{\"@type\":\"EntryPoint\",\"urlTemplate\":\"https:\\\/\\\/jobmotivation.be\\\/fr\\\/?s={search_term_string}\"},\"query-input\":{\"@type\":\"PropertyValueSpecification\",\"valueRequired\":true,\"valueName\":\"search_term_string\"}}],\"inLanguage\":\"fr-FR\"},{\"@type\":\"Organization\",\"@id\":\"https:\\\/\\\/jobmotivation.be\\\/fr\\\/#organization\",\"name\":\"Jobmotivation\",\"url\":\"https:\\\/\\\/jobmotivation.be\\\/fr\\\/\",\"logo\":{\"@type\":\"ImageObject\",\"inLanguage\":\"fr-FR\",\"@id\":\"https:\\\/\\\/jobmotivation.be\\\/fr\\\/#\\\/schema\\\/logo\\\/image\\\/\",\"url\":\"https:\\\/\\\/jobmotivation.be\\\/wp-content\\\/uploads\\\/logo-transparant.png\",\"contentUrl\":\"https:\\\/\\\/jobmotivation.be\\\/wp-content\\\/uploads\\\/logo-transparant.png\",\"width\":945,\"height\":616,\"caption\":\"Jobmotivation\"},\"image\":{\"@id\":\"https:\\\/\\\/jobmotivation.be\\\/fr\\\/#\\\/schema\\\/logo\\\/image\\\/\"}}]}<\/script>\n<!-- \/ Yoast SEO plugin. -->","yoast_head_json":{"title":"Les motivations de travail","description":"Vous y d\u00e9couvrirez les motivations de travail. Pour vous comme employ\u00e9, pour votre \u00e9quipe et pour le recruteur.","robots":{"index":"index","follow":"follow","max-snippet":"max-snippet:-1","max-image-preview":"max-image-preview:large","max-video-preview":"max-video-preview:-1"},"canonical":"https:\/\/jobmotivation.be\/fr\/","og_locale":"fr_FR","og_type":"article","og_title":"Les motivations de travail","og_description":"Vous y d\u00e9couvrirez les motivations de travail. Pour vous comme employ\u00e9, pour votre \u00e9quipe et pour le recruteur.","og_url":"https:\/\/jobmotivation.be\/fr\/","og_site_name":"Jobmotivation","article_modified_time":"2025-11-13T10:35:11+00:00","og_image":[{"width":945,"height":616,"url":"https:\/\/jobmotivation.be\/wp-content\/uploads\/logo-transparant.png","type":"image\/png"}],"twitter_card":"summary_large_image","twitter_misc":{"Dur\u00e9e de lecture estim\u00e9e":"1 minute"},"schema":{"@context":"https:\/\/schema.org","@graph":[{"@type":"WebPage","@id":"https:\/\/jobmotivation.be\/fr\/","url":"https:\/\/jobmotivation.be\/fr\/","name":"Les motivations de travail","isPartOf":{"@id":"https:\/\/jobmotivation.be\/fr\/#website"},"primaryImageOfPage":{"@id":"https:\/\/jobmotivation.be\/fr\/#primaryimage"},"image":{"@id":"https:\/\/jobmotivation.be\/fr\/#primaryimage"},"thumbnailUrl":"https:\/\/jobmotivation.be\/wp-content\/uploads\/logo-transparant-300x196.png","datePublished":"2024-03-31T10:09:16+00:00","dateModified":"2025-11-13T10:35:11+00:00","description":"Vous y d\u00e9couvrirez les motivations de travail. Pour vous comme employ\u00e9, pour votre \u00e9quipe et pour le recruteur.","breadcrumb":{"@id":"https:\/\/jobmotivation.be\/fr\/#breadcrumb"},"inLanguage":"fr-FR","potentialAction":[{"@type":"ReadAction","target":["https:\/\/jobmotivation.be\/fr\/"]}]},{"@type":"ImageObject","inLanguage":"fr-FR","@id":"https:\/\/jobmotivation.be\/fr\/#primaryimage","url":"https:\/\/jobmotivation.be\/wp-content\/uploads\/logo-transparant-300x196.png","contentUrl":"https:\/\/jobmotivation.be\/wp-content\/uploads\/logo-transparant-300x196.png"},{"@type":"BreadcrumbList","@id":"https:\/\/jobmotivation.be\/fr\/#breadcrumb","itemListElement":[{"@type":"ListItem","position":1,"name":"Home","item":"https:\/\/jobmotivation.be\/fr\/"},{"@type":"ListItem","position":2,"name":"Jobmotivation"}]},{"@type":"WebSite","@id":"https:\/\/jobmotivation.be\/fr\/#website","url":"https:\/\/jobmotivation.be\/fr\/","name":"Jobmotivation","description":"Slimmer rekruteren, intelligenter coachen.","publisher":{"@id":"https:\/\/jobmotivation.be\/fr\/#organization"},"potentialAction":[{"@type":"SearchAction","target":{"@type":"EntryPoint","urlTemplate":"https:\/\/jobmotivation.be\/fr\/?s={search_term_string}"},"query-input":{"@type":"PropertyValueSpecification","valueRequired":true,"valueName":"search_term_string"}}],"inLanguage":"fr-FR"},{"@type":"Organization","@id":"https:\/\/jobmotivation.be\/fr\/#organization","name":"Jobmotivation","url":"https:\/\/jobmotivation.be\/fr\/","logo":{"@type":"ImageObject","inLanguage":"fr-FR","@id":"https:\/\/jobmotivation.be\/fr\/#\/schema\/logo\/image\/","url":"https:\/\/jobmotivation.be\/wp-content\/uploads\/logo-transparant.png","contentUrl":"https:\/\/jobmotivation.be\/wp-content\/uploads\/logo-transparant.png","width":945,"height":616,"caption":"Jobmotivation"},"image":{"@id":"https:\/\/jobmotivation.be\/fr\/#\/schema\/logo\/image\/"}}]}},"_links":{"self":[{"href":"https:\/\/jobmotivation.be\/fr\/wp-json\/wp\/v2\/pages\/21970","targetHints":{"allow":["GET"]}}],"collection":[{"href":"https:\/\/jobmotivation.be\/fr\/wp-json\/wp\/v2\/pages"}],"about":[{"href":"https:\/\/jobmotivation.be\/fr\/wp-json\/wp\/v2\/types\/page"}],"author":[{"embeddable":true,"href":"https:\/\/jobmotivation.be\/fr\/wp-json\/wp\/v2\/users\/8"}],"replies":[{"embeddable":true,"href":"https:\/\/jobmotivation.be\/fr\/wp-json\/wp\/v2\/comments?post=21970"}],"version-history":[{"count":49,"href":"https:\/\/jobmotivation.be\/fr\/wp-json\/wp\/v2\/pages\/21970\/revisions"}],"predecessor-version":[{"id":22861,"href":"https:\/\/jobmotivation.be\/fr\/wp-json\/wp\/v2\/pages\/21970\/revisions\/22861"}],"wp:attachment":[{"href":"https:\/\/jobmotivation.be\/fr\/wp-json\/wp\/v2\/media?parent=21970"}],"curies":[{"name":"wp","href":"https:\/\/api.w.org\/{rel}","templated":true}]}}