{"id":13376,"date":"2021-08-03T19:14:29","date_gmt":"2021-08-03T17:14:29","guid":{"rendered":"https:\/\/jobmotivation.be\/selectie-en-rekrutering\/"},"modified":"2023-04-03T15:33:30","modified_gmt":"2023-04-03T13:33:30","slug":"selection-et-recrutement","status":"publish","type":"page","link":"https:\/\/jobmotivation.be\/fr\/selection-et-recrutement\/","title":{"rendered":"S\u00e9lection et recrutement"},"content":{"rendered":"\t\t<div data-elementor-type=\"wp-page\" data-elementor-id=\"13376\" class=\"elementor elementor-13376 elementor-10523\" data-elementor-post-type=\"page\">\n\t\t\t\t\t\t<section class=\"elementor-section elementor-top-section elementor-element elementor-element-a4ed5f9 elementor-section-full_width elementor-section-height-min-height elementor-section-height-default elementor-section-items-middle\" data-id=\"a4ed5f9\" data-element_type=\"section\" data-e-type=\"section\" data-settings=\"{&quot;background_background&quot;:&quot;classic&quot;}\">\n\t\t\t\t\t\t\t<div class=\"elementor-background-overlay\"><\/div>\n\t\t\t\t\t\t\t<div class=\"elementor-container elementor-column-gap-default\">\n\t\t\t\t\t<div class=\"elementor-column elementor-col-100 elementor-top-column elementor-element elementor-element-4f1edb7\" data-id=\"4f1edb7\" data-element_type=\"column\" data-e-type=\"column\">\n\t\t\t<div class=\"elementor-widget-wrap elementor-element-populated\">\n\t\t\t\t\t\t<div class=\"elementor-element elementor-element-a72c528 elementor-invisible elementor-widget elementor-widget-heading\" data-id=\"a72c528\" data-element_type=\"widget\" data-e-type=\"widget\" data-settings=\"{&quot;_animation&quot;:&quot;fadeIn&quot;}\" data-widget_type=\"heading.default\">\n\t\t\t\t<div class=\"elementor-widget-container\">\n\t\t\t\t\t<h2 class=\"elementor-heading-title elementor-size-default\">Vous souhaitez trouver le candidat le plus appropri\u00e9<\/h2>\t\t\t\t<\/div>\n\t\t\t\t<\/div>\n\t\t\t\t\t<\/div>\n\t\t<\/div>\n\t\t\t\t\t<\/div>\n\t\t<\/section>\n\t\t\t\t<section class=\"elementor-section elementor-top-section elementor-element elementor-element-464cad6 elementor-section-boxed elementor-section-height-default elementor-section-height-default\" data-id=\"464cad6\" data-element_type=\"section\" data-e-type=\"section\">\n\t\t\t\t\t\t<div class=\"elementor-container elementor-column-gap-default\">\n\t\t\t\t\t<div class=\"elementor-column elementor-col-50 elementor-top-column elementor-element elementor-element-4efd609\" data-id=\"4efd609\" data-element_type=\"column\" data-e-type=\"column\">\n\t\t\t<div class=\"elementor-widget-wrap elementor-element-populated\">\n\t\t\t\t\t\t<div class=\"elementor-element elementor-element-960ac87 elementor-invisible elementor-widget elementor-widget-heading\" data-id=\"960ac87\" data-element_type=\"widget\" data-e-type=\"widget\" data-settings=\"{&quot;_animation&quot;:&quot;fadeIn&quot;}\" data-widget_type=\"heading.default\">\n\t\t\t\t<div class=\"elementor-widget-container\">\n\t\t\t\t\t<h2 class=\"elementor-heading-title elementor-size-default\">Vous souhaitez trouver et retenir le candidat le plus appropri\u00e9 en am\u00e9liorant la s\u00e9lection et le recrutement.<\/h2>\t\t\t\t<\/div>\n\t\t\t\t<\/div>\n\t\t\t\t<div class=\"elementor-element elementor-element-4c01b08 elementor-invisible elementor-widget elementor-widget-text-editor\" data-id=\"4c01b08\" data-element_type=\"widget\" data-e-type=\"widget\" data-settings=\"{&quot;_animation&quot;:&quot;fadeIn&quot;}\" data-widget_type=\"text-editor.default\">\n\t\t\t\t<div class=\"elementor-widget-container\">\n\t\t\t\t\t\t\t\t\t<p>Vous \u00eates responsable de la s\u00e9lection et du recrutement, vous voulez \u00e9conomiser du temps et de l&rsquo;argent et vous voulez absolument choisir le candidat le plus appropri\u00e9. Alors nous pouvons vous aider. Nous vous proposons trois \u00e9tapes pour rendre ce processus beaucoup plus efficace.<\/p>\t\t\t\t\t\t\t\t<\/div>\n\t\t\t\t<\/div>\n\t\t\t\t<div class=\"elementor-element elementor-element-4345b94 elementor-widget elementor-widget-heading\" data-id=\"4345b94\" data-element_type=\"widget\" data-e-type=\"widget\" data-widget_type=\"heading.default\">\n\t\t\t\t<div class=\"elementor-widget-container\">\n\t\t\t\t\t<h3 class=\"elementor-heading-title elementor-size-default\">Les trois \u00e9tapes de la s\u00e9lection et du recrutement :<\/h3>\t\t\t\t<\/div>\n\t\t\t\t<\/div>\n\t\t\t\t<div class=\"elementor-element elementor-element-92baf0b elementor-icon-list--layout-traditional elementor-list-item-link-full_width elementor-invisible elementor-widget elementor-widget-icon-list\" data-id=\"92baf0b\" data-element_type=\"widget\" data-e-type=\"widget\" data-settings=\"{&quot;_animation&quot;:&quot;fadeIn&quot;}\" data-widget_type=\"icon-list.default\">\n\t\t\t\t<div class=\"elementor-widget-container\">\n\t\t\t\t\t\t\t<ul class=\"elementor-icon-list-items\">\n\t\t\t\t\t\t\t<li class=\"elementor-icon-list-item\">\n\t\t\t\t\t\t\t\t\t\t\t<span class=\"elementor-icon-list-icon\">\n\t\t\t\t\t\t\t<i aria-hidden=\"true\" class=\"fas fa-arrow-circle-right\"><\/i>\t\t\t\t\t\t<\/span>\n\t\t\t\t\t\t\t\t\t\t<span class=\"elementor-icon-list-text\">Nous identifions d'abord les motivations professionnelles souhait\u00e9es pour le poste.<\/span>\n\t\t\t\t\t\t\t\t\t<\/li>\n\t\t\t\t\t\t\t\t<li class=\"elementor-icon-list-item\">\n\t\t\t\t\t\t\t\t\t\t\t<span class=\"elementor-icon-list-icon\">\n\t\t\t\t\t\t\t<i aria-hidden=\"true\" class=\"fas fa-arrow-circle-right\"><\/i>\t\t\t\t\t\t<\/span>\n\t\t\t\t\t\t\t\t\t\t<span class=\"elementor-icon-list-text\">Les candidats r\u00e9pondent au questionnaire en ligne.<\/span>\n\t\t\t\t\t\t\t\t\t<\/li>\n\t\t\t\t\t\t\t\t<li class=\"elementor-icon-list-item\">\n\t\t\t\t\t\t\t\t\t\t\t<a href=\"https:\/\/jobmotivation.be\/werving-en-selectie\/\">\n\n\t\t\t\t\t\t\t\t\t\t\t\t<span class=\"elementor-icon-list-icon\">\n\t\t\t\t\t\t\t<i aria-hidden=\"true\" class=\"fas fa-arrow-circle-right\"><\/i>\t\t\t\t\t\t<\/span>\n\t\t\t\t\t\t\t\t\t\t<span class=\"elementor-icon-list-text\">Nous v\u00e9rifions s'il existe une correspondance avec les motivations professionnelles souhait\u00e9es, nous r\u00e9alisons un bref entretien via Teams ou Zoom et nous vous donnons un retour d'information.<\/span>\n\t\t\t\t\t\t\t\t\t\t\t<\/a>\n\t\t\t\t\t\t\t\t\t<\/li>\n\t\t\t\t\t\t<\/ul>\n\t\t\t\t\t\t<\/div>\n\t\t\t\t<\/div>\n\t\t\t\t<div class=\"elementor-element elementor-element-ab1159d elementor-invisible elementor-widget elementor-widget-text-editor\" data-id=\"ab1159d\" data-element_type=\"widget\" data-e-type=\"widget\" data-settings=\"{&quot;_animation&quot;:&quot;fadeIn&quot;}\" data-widget_type=\"text-editor.default\">\n\t\t\t\t<div class=\"elementor-widget-container\">\n\t\t\t\t\t\t\t\t\t<p>Nous obtenons d&rsquo;excellents r\u00e9sultats de cette mani\u00e8re. Vous facilitez votre processus de recrutement, vous gagnez du temps et vous \u00e9conomisez des co\u00fbts.<\/p>\t\t\t\t\t\t\t\t<\/div>\n\t\t\t\t<\/div>\n\t\t\t\t<div class=\"elementor-element elementor-element-7de73e3 elementor-widget elementor-widget-heading\" data-id=\"7de73e3\" data-element_type=\"widget\" data-e-type=\"widget\" data-widget_type=\"heading.default\">\n\t\t\t\t<div class=\"elementor-widget-container\">\n\t\t\t\t\t<h3 class=\"elementor-heading-title elementor-size-default\">Quel est votre investissement ?<\/h3>\t\t\t\t<\/div>\n\t\t\t\t<\/div>\n\t\t\t\t<div class=\"elementor-element elementor-element-7a5eaf8 elementor-invisible elementor-widget elementor-widget-text-editor\" data-id=\"7a5eaf8\" data-element_type=\"widget\" data-e-type=\"widget\" data-settings=\"{&quot;_animation&quot;:&quot;fadeIn&quot;}\" data-widget_type=\"text-editor.default\">\n\t\t\t\t<div class=\"elementor-widget-container\">\n\t\t\t\t\t\t\t\t\t<p>Votre investissement : 100 \u20ac par candidat pour le questionnaire en ligne.\u00a0 Veuillez demander plus d&rsquo;informations.<br \/>Comment pouvez-vous trouver vous-m\u00eame des candidats plus facilement ?\u00a0<\/p>\t\t\t\t\t\t\t\t<\/div>\n\t\t\t\t<\/div>\n\t\t\t\t\t<\/div>\n\t\t<\/div>\n\t\t\t\t<div class=\"elementor-column elementor-col-50 elementor-top-column elementor-element elementor-element-16f905e elementor-invisible\" data-id=\"16f905e\" data-element_type=\"column\" data-e-type=\"column\" data-settings=\"{&quot;background_background&quot;:&quot;classic&quot;,&quot;animation&quot;:&quot;fadeIn&quot;}\">\n\t\t\t<div class=\"elementor-widget-wrap elementor-element-populated\">\n\t\t\t\t\t\t<div class=\"elementor-element elementor-element-5b62012 elementor-invisible elementor-widget elementor-widget-text-editor\" data-id=\"5b62012\" data-element_type=\"widget\" data-e-type=\"widget\" data-settings=\"{&quot;_animation&quot;:&quot;fadeIn&quot;}\" data-widget_type=\"text-editor.default\">\n\t\t\t\t<div class=\"elementor-widget-container\">\n\t\t\t\t\t\t\t\t\tVotre question nous int\u00e9resse:\t\t\t\t\t\t\t\t<\/div>\n\t\t\t\t<\/div>\n\t\t\t\t<div class=\"elementor-element elementor-element-62ed61e elementor-button-align-stretch elementor-invisible elementor-widget elementor-widget-form\" data-id=\"62ed61e\" data-element_type=\"widget\" data-e-type=\"widget\" data-settings=\"{&quot;step_next_label&quot;:&quot;Next&quot;,&quot;step_previous_label&quot;:&quot;Previous&quot;,&quot;_animation&quot;:&quot;fadeIn&quot;,&quot;button_width&quot;:&quot;100&quot;,&quot;step_type&quot;:&quot;number_text&quot;,&quot;step_icon_shape&quot;:&quot;circle&quot;}\" data-widget_type=\"form.default\">\n\t\t\t\t<div class=\"elementor-widget-container\">\n\t\t\t\t\t\t\t<form class=\"elementor-form\" method=\"post\" name=\"Werkmotivaties formulier (FR)\" aria-label=\"Werkmotivaties formulier (FR)\">\n\t\t\t<input type=\"hidden\" name=\"post_id\" value=\"13376\"\/>\n\t\t\t<input type=\"hidden\" name=\"form_id\" value=\"62ed61e\"\/>\n\t\t\t<input type=\"hidden\" name=\"referer_title\" value=\"Recrutement et s\u00e9lection\" \/>\n\n\t\t\t\t\t\t\t<input type=\"hidden\" name=\"queried_id\" value=\"13376\"\/>\n\t\t\t\n\t\t\t<div class=\"elementor-form-fields-wrapper elementor-labels-\">\n\t\t\t\t\t\t\t\t<div class=\"elementor-field-type-text elementor-field-group elementor-column elementor-field-group-voornaam elementor-col-50 elementor-field-required\">\n\t\t\t\t\t\t\t\t\t\t\t\t<label for=\"form-field-voornaam\" class=\"elementor-field-label elementor-screen-only\">\n\t\t\t\t\t\t\t\tPr\u00e9nom\t\t\t\t\t\t\t<\/label>\n\t\t\t\t\t\t\t\t\t\t\t\t\t\t<input size=\"1\" type=\"text\" name=\"form_fields[voornaam]\" id=\"form-field-voornaam\" class=\"elementor-field elementor-size-sm  elementor-field-textual\" placeholder=\"Pr\u00e9nom\" required=\"required\">\n\t\t\t\t\t\t\t\t\t\t\t<\/div>\n\t\t\t\t\t\t\t\t<div class=\"elementor-field-type-text elementor-field-group elementor-column elementor-field-group-achternaam elementor-col-50 elementor-field-required\">\n\t\t\t\t\t\t\t\t\t\t\t\t<label for=\"form-field-achternaam\" class=\"elementor-field-label elementor-screen-only\">\n\t\t\t\t\t\t\t\tNom de famille\t\t\t\t\t\t\t<\/label>\n\t\t\t\t\t\t\t\t\t\t\t\t\t\t<input size=\"1\" type=\"text\" name=\"form_fields[achternaam]\" id=\"form-field-achternaam\" class=\"elementor-field elementor-size-sm  elementor-field-textual\" placeholder=\"Nom de famille\" required=\"required\">\n\t\t\t\t\t\t\t\t\t\t\t<\/div>\n\t\t\t\t\t\t\t\t<div class=\"elementor-field-type-text elementor-field-group elementor-column elementor-field-group-telefoon elementor-col-100 elementor-field-required\">\n\t\t\t\t\t\t\t\t\t\t\t\t<label for=\"form-field-telefoon\" class=\"elementor-field-label elementor-screen-only\">\n\t\t\t\t\t\t\t\tT\u00e9l\u00e9phone\t\t\t\t\t\t\t<\/label>\n\t\t\t\t\t\t\t\t\t\t\t\t\t\t<input size=\"1\" type=\"text\" name=\"form_fields[telefoon]\" id=\"form-field-telefoon\" class=\"elementor-field elementor-size-sm  elementor-field-textual\" placeholder=\"T\u00e9l\u00e9phone\" required=\"required\">\n\t\t\t\t\t\t\t\t\t\t\t<\/div>\n\t\t\t\t\t\t\t\t<div class=\"elementor-field-type-email elementor-field-group elementor-column elementor-field-group-email elementor-col-100 elementor-field-required\">\n\t\t\t\t\t\t\t\t\t\t\t\t<label for=\"form-field-email\" class=\"elementor-field-label elementor-screen-only\">\n\t\t\t\t\t\t\t\tEmail\t\t\t\t\t\t\t<\/label>\n\t\t\t\t\t\t\t\t\t\t\t\t\t\t<input size=\"1\" type=\"email\" name=\"form_fields[email]\" id=\"form-field-email\" class=\"elementor-field elementor-size-sm  elementor-field-textual\" placeholder=\"Email\" required=\"required\">\n\t\t\t\t\t\t\t\t\t\t\t<\/div>\n\t\t\t\t\t\t\t\t<div class=\"elementor-field-type-textarea elementor-field-group elementor-column elementor-field-group-uw_vraag elementor-col-100 elementor-field-required\">\n\t\t\t\t\t\t\t\t\t\t\t\t<label for=\"form-field-uw_vraag\" class=\"elementor-field-label elementor-screen-only\">\n\t\t\t\t\t\t\t\tVotre question\t\t\t\t\t\t\t<\/label>\n\t\t\t\t\t\t<textarea class=\"elementor-field-textual elementor-field  elementor-size-sm\" name=\"form_fields[uw_vraag]\" id=\"form-field-uw_vraag\" rows=\"4\" placeholder=\"Votre question\" required=\"required\"><\/textarea>\t\t\t\t<\/div>\n\t\t\t\t\t\t\t\t<div class=\"elementor-field-type-acceptance elementor-field-group elementor-column elementor-field-group-field_bdc0815 elementor-col-100 elementor-field-required\">\n\t\t\t\t\t\t\t\t\t\t\t\t<label for=\"form-field-field_bdc0815\" class=\"elementor-field-label elementor-screen-only\">\n\t\t\t\t\t\t\t\tAcceptance\t\t\t\t\t\t\t<\/label>\n\t\t\t\t\t\t\t\t<div class=\"elementor-field-subgroup\">\n\t\t\t<span class=\"elementor-field-option\">\n\t\t\t\t<input type=\"checkbox\" name=\"form_fields[field_bdc0815]\" id=\"form-field-field_bdc0815\" class=\"elementor-field elementor-size-sm  elementor-acceptance-field\" required=\"required\">\n\t\t\t\t<label for=\"form-field-field_bdc0815\">J'accepte la politique de confidentialit\u00e9 et je souhaite \u00eatre contact\u00e9.<\/label>\t\t\t<\/span>\n\t\t<\/div>\n\t\t\t\t\t\t<\/div>\n\t\t\t\t\t\t\t\t<div class=\"elementor-field-type-recaptcha_v3 elementor-field-group elementor-column elementor-field-group-field_82de9f8 elementor-col-100 recaptcha_v3-bottomleft\">\n\t\t\t\t\t<div class=\"elementor-field\" id=\"form-field-field_82de9f8\"><div class=\"elementor-g-recaptcha\" data-sitekey=\"6LcNb9wZAAAAAJ2jjcv2CFjKhf9ZBEbmsvSZTCL3\" data-type=\"v3\" data-action=\"Form\" data-badge=\"bottomleft\" data-size=\"invisible\"><\/div><\/div>\t\t\t\t<\/div>\n\t\t\t\t\t\t\t\t<div class=\"elementor-field-group elementor-column elementor-field-type-submit elementor-col-100 e-form__buttons\">\n\t\t\t\t\t<button class=\"elementor-button elementor-size-sm\" type=\"submit\">\n\t\t\t\t\t\t<span class=\"elementor-button-content-wrapper\">\n\t\t\t\t\t\t\t\t\t\t\t\t\t\t\t\t\t\t\t\t\t\t<span class=\"elementor-button-text\">Envoyer<\/span>\n\t\t\t\t\t\t\t\t\t\t\t\t\t<\/span>\n\t\t\t\t\t<\/button>\n\t\t\t\t<\/div>\n\t\t\t<\/div>\n\t\t<\/form>\n\t\t\t\t\t\t<\/div>\n\t\t\t\t<\/div>\n\t\t\t\t\t<\/div>\n\t\t<\/div>\n\t\t\t\t\t<\/div>\n\t\t<\/section>\n\t\t\t\t<\/div>\n\t\t","protected":false},"excerpt":{"rendered":"<p>Vous souhaitez trouver le candidat le plus appropri\u00e9 Vous souhaitez trouver et retenir le candidat le plus appropri\u00e9 en am\u00e9liorant la s\u00e9lection et le recrutement. Vous \u00eates responsable de la s\u00e9lection et du recrutement, vous voulez \u00e9conomiser du temps et de l&rsquo;argent et vous voulez absolument choisir le candidat le plus appropri\u00e9. Alors nous pouvons [&hellip;]<\/p>\n","protected":false},"author":8,"featured_media":15231,"parent":0,"menu_order":0,"comment_status":"closed","ping_status":"closed","template":"","meta":{"om_disable_all_campaigns":false,"footnotes":""},"class_list":["post-13376","page","type-page","status-publish","has-post-thumbnail","hentry"],"yoast_head":"<!-- This site is optimized with the Yoast SEO plugin v27.3 - https:\/\/yoast.com\/product\/yoast-seo-wordpress\/ -->\n<title>Recrutement et s\u00e9lection<\/title>\n<meta name=\"description\" content=\"Le recrutement et la s\u00e9lection sont plus efficaces si on identifie les motivations professionnelles et qu&#039;on les utilise lors du recrutement.\" \/>\n<meta name=\"robots\" content=\"index, follow, max-snippet:-1, max-image-preview:large, max-video-preview:-1\" \/>\n<link rel=\"canonical\" href=\"https:\/\/jobmotivation.be\/fr\/selection-et-recrutement\/\" \/>\n<meta property=\"og:locale\" content=\"fr_FR\" \/>\n<meta property=\"og:type\" content=\"article\" \/>\n<meta property=\"og:title\" content=\"Recrutement et s\u00e9lection\" \/>\n<meta property=\"og:description\" content=\"Le recrutement et la s\u00e9lection sont plus efficaces si on identifie les motivations professionnelles et qu&#039;on les utilise lors du recrutement.\" \/>\n<meta property=\"og:url\" content=\"https:\/\/jobmotivation.be\/fr\/selection-et-recrutement\/\" \/>\n<meta property=\"og:site_name\" content=\"Jobmotivation\" \/>\n<meta property=\"article:modified_time\" content=\"2023-04-03T13:33:30+00:00\" \/>\n<meta property=\"og:image\" content=\"https:\/\/jobmotivation.be\/wp-content\/uploads\/selectie-top-groot-scaled.jpg\" \/>\n\t<meta property=\"og:image:width\" content=\"1707\" \/>\n\t<meta property=\"og:image:height\" content=\"2560\" \/>\n\t<meta property=\"og:image:type\" content=\"image\/jpeg\" \/>\n<meta name=\"twitter:card\" content=\"summary_large_image\" \/>\n<meta name=\"twitter:label1\" content=\"Dur\u00e9e de lecture estim\u00e9e\" \/>\n\t<meta name=\"twitter:data1\" content=\"1 minute\" \/>\n<script type=\"application\/ld+json\" class=\"yoast-schema-graph\">{\"@context\":\"https:\\\/\\\/schema.org\",\"@graph\":[{\"@type\":\"WebPage\",\"@id\":\"https:\\\/\\\/jobmotivation.be\\\/fr\\\/selection-et-recrutement\\\/\",\"url\":\"https:\\\/\\\/jobmotivation.be\\\/fr\\\/selection-et-recrutement\\\/\",\"name\":\"Recrutement et s\u00e9lection\",\"isPartOf\":{\"@id\":\"https:\\\/\\\/jobmotivation.be\\\/fr\\\/#website\"},\"primaryImageOfPage\":{\"@id\":\"https:\\\/\\\/jobmotivation.be\\\/fr\\\/selection-et-recrutement\\\/#primaryimage\"},\"image\":{\"@id\":\"https:\\\/\\\/jobmotivation.be\\\/fr\\\/selection-et-recrutement\\\/#primaryimage\"},\"thumbnailUrl\":\"https:\\\/\\\/jobmotivation.be\\\/wp-content\\\/uploads\\\/selectie-top-groot-scaled.jpg\",\"datePublished\":\"2021-08-03T17:14:29+00:00\",\"dateModified\":\"2023-04-03T13:33:30+00:00\",\"description\":\"Le recrutement et la s\u00e9lection sont plus efficaces si on identifie les motivations professionnelles et qu'on les utilise lors du recrutement.\",\"breadcrumb\":{\"@id\":\"https:\\\/\\\/jobmotivation.be\\\/fr\\\/selection-et-recrutement\\\/#breadcrumb\"},\"inLanguage\":\"fr-FR\",\"potentialAction\":[{\"@type\":\"ReadAction\",\"target\":[\"https:\\\/\\\/jobmotivation.be\\\/fr\\\/selection-et-recrutement\\\/\"]}]},{\"@type\":\"ImageObject\",\"inLanguage\":\"fr-FR\",\"@id\":\"https:\\\/\\\/jobmotivation.be\\\/fr\\\/selection-et-recrutement\\\/#primaryimage\",\"url\":\"https:\\\/\\\/jobmotivation.be\\\/wp-content\\\/uploads\\\/selectie-top-groot-scaled.jpg\",\"contentUrl\":\"https:\\\/\\\/jobmotivation.be\\\/wp-content\\\/uploads\\\/selectie-top-groot-scaled.jpg\",\"width\":1707,\"height\":2560,\"caption\":\"rekrutering en selectie\"},{\"@type\":\"BreadcrumbList\",\"@id\":\"https:\\\/\\\/jobmotivation.be\\\/fr\\\/selection-et-recrutement\\\/#breadcrumb\",\"itemListElement\":[{\"@type\":\"ListItem\",\"position\":1,\"name\":\"Home\",\"item\":\"https:\\\/\\\/jobmotivation.be\\\/fr\\\/\"},{\"@type\":\"ListItem\",\"position\":2,\"name\":\"S\u00e9lection et recrutement\"}]},{\"@type\":\"WebSite\",\"@id\":\"https:\\\/\\\/jobmotivation.be\\\/fr\\\/#website\",\"url\":\"https:\\\/\\\/jobmotivation.be\\\/fr\\\/\",\"name\":\"Jobmotivation\",\"description\":\"Slimmer rekruteren, intelligenter coachen.\",\"publisher\":{\"@id\":\"https:\\\/\\\/jobmotivation.be\\\/fr\\\/#organization\"},\"potentialAction\":[{\"@type\":\"SearchAction\",\"target\":{\"@type\":\"EntryPoint\",\"urlTemplate\":\"https:\\\/\\\/jobmotivation.be\\\/fr\\\/?s={search_term_string}\"},\"query-input\":{\"@type\":\"PropertyValueSpecification\",\"valueRequired\":true,\"valueName\":\"search_term_string\"}}],\"inLanguage\":\"fr-FR\"},{\"@type\":\"Organization\",\"@id\":\"https:\\\/\\\/jobmotivation.be\\\/fr\\\/#organization\",\"name\":\"Jobmotivation\",\"url\":\"https:\\\/\\\/jobmotivation.be\\\/fr\\\/\",\"logo\":{\"@type\":\"ImageObject\",\"inLanguage\":\"fr-FR\",\"@id\":\"https:\\\/\\\/jobmotivation.be\\\/fr\\\/#\\\/schema\\\/logo\\\/image\\\/\",\"url\":\"https:\\\/\\\/jobmotivation.be\\\/wp-content\\\/uploads\\\/logo-transparant.png\",\"contentUrl\":\"https:\\\/\\\/jobmotivation.be\\\/wp-content\\\/uploads\\\/logo-transparant.png\",\"width\":945,\"height\":616,\"caption\":\"Jobmotivation\"},\"image\":{\"@id\":\"https:\\\/\\\/jobmotivation.be\\\/fr\\\/#\\\/schema\\\/logo\\\/image\\\/\"}}]}<\/script>\n<!-- \/ Yoast SEO plugin. -->","yoast_head_json":{"title":"Recrutement et s\u00e9lection","description":"Le recrutement et la s\u00e9lection sont plus efficaces si on identifie les motivations professionnelles et qu'on les utilise lors du recrutement.","robots":{"index":"index","follow":"follow","max-snippet":"max-snippet:-1","max-image-preview":"max-image-preview:large","max-video-preview":"max-video-preview:-1"},"canonical":"https:\/\/jobmotivation.be\/fr\/selection-et-recrutement\/","og_locale":"fr_FR","og_type":"article","og_title":"Recrutement et s\u00e9lection","og_description":"Le recrutement et la s\u00e9lection sont plus efficaces si on identifie les motivations professionnelles et qu'on les utilise lors du recrutement.","og_url":"https:\/\/jobmotivation.be\/fr\/selection-et-recrutement\/","og_site_name":"Jobmotivation","article_modified_time":"2023-04-03T13:33:30+00:00","og_image":[{"width":1707,"height":2560,"url":"https:\/\/jobmotivation.be\/wp-content\/uploads\/selectie-top-groot-scaled.jpg","type":"image\/jpeg"}],"twitter_card":"summary_large_image","twitter_misc":{"Dur\u00e9e de lecture estim\u00e9e":"1 minute"},"schema":{"@context":"https:\/\/schema.org","@graph":[{"@type":"WebPage","@id":"https:\/\/jobmotivation.be\/fr\/selection-et-recrutement\/","url":"https:\/\/jobmotivation.be\/fr\/selection-et-recrutement\/","name":"Recrutement et s\u00e9lection","isPartOf":{"@id":"https:\/\/jobmotivation.be\/fr\/#website"},"primaryImageOfPage":{"@id":"https:\/\/jobmotivation.be\/fr\/selection-et-recrutement\/#primaryimage"},"image":{"@id":"https:\/\/jobmotivation.be\/fr\/selection-et-recrutement\/#primaryimage"},"thumbnailUrl":"https:\/\/jobmotivation.be\/wp-content\/uploads\/selectie-top-groot-scaled.jpg","datePublished":"2021-08-03T17:14:29+00:00","dateModified":"2023-04-03T13:33:30+00:00","description":"Le recrutement et la s\u00e9lection sont plus efficaces si on identifie les motivations professionnelles et qu'on les utilise lors du recrutement.","breadcrumb":{"@id":"https:\/\/jobmotivation.be\/fr\/selection-et-recrutement\/#breadcrumb"},"inLanguage":"fr-FR","potentialAction":[{"@type":"ReadAction","target":["https:\/\/jobmotivation.be\/fr\/selection-et-recrutement\/"]}]},{"@type":"ImageObject","inLanguage":"fr-FR","@id":"https:\/\/jobmotivation.be\/fr\/selection-et-recrutement\/#primaryimage","url":"https:\/\/jobmotivation.be\/wp-content\/uploads\/selectie-top-groot-scaled.jpg","contentUrl":"https:\/\/jobmotivation.be\/wp-content\/uploads\/selectie-top-groot-scaled.jpg","width":1707,"height":2560,"caption":"rekrutering en selectie"},{"@type":"BreadcrumbList","@id":"https:\/\/jobmotivation.be\/fr\/selection-et-recrutement\/#breadcrumb","itemListElement":[{"@type":"ListItem","position":1,"name":"Home","item":"https:\/\/jobmotivation.be\/fr\/"},{"@type":"ListItem","position":2,"name":"S\u00e9lection et recrutement"}]},{"@type":"WebSite","@id":"https:\/\/jobmotivation.be\/fr\/#website","url":"https:\/\/jobmotivation.be\/fr\/","name":"Jobmotivation","description":"Slimmer rekruteren, intelligenter coachen.","publisher":{"@id":"https:\/\/jobmotivation.be\/fr\/#organization"},"potentialAction":[{"@type":"SearchAction","target":{"@type":"EntryPoint","urlTemplate":"https:\/\/jobmotivation.be\/fr\/?s={search_term_string}"},"query-input":{"@type":"PropertyValueSpecification","valueRequired":true,"valueName":"search_term_string"}}],"inLanguage":"fr-FR"},{"@type":"Organization","@id":"https:\/\/jobmotivation.be\/fr\/#organization","name":"Jobmotivation","url":"https:\/\/jobmotivation.be\/fr\/","logo":{"@type":"ImageObject","inLanguage":"fr-FR","@id":"https:\/\/jobmotivation.be\/fr\/#\/schema\/logo\/image\/","url":"https:\/\/jobmotivation.be\/wp-content\/uploads\/logo-transparant.png","contentUrl":"https:\/\/jobmotivation.be\/wp-content\/uploads\/logo-transparant.png","width":945,"height":616,"caption":"Jobmotivation"},"image":{"@id":"https:\/\/jobmotivation.be\/fr\/#\/schema\/logo\/image\/"}}]}},"_links":{"self":[{"href":"https:\/\/jobmotivation.be\/fr\/wp-json\/wp\/v2\/pages\/13376","targetHints":{"allow":["GET"]}}],"collection":[{"href":"https:\/\/jobmotivation.be\/fr\/wp-json\/wp\/v2\/pages"}],"about":[{"href":"https:\/\/jobmotivation.be\/fr\/wp-json\/wp\/v2\/types\/page"}],"author":[{"embeddable":true,"href":"https:\/\/jobmotivation.be\/fr\/wp-json\/wp\/v2\/users\/8"}],"replies":[{"embeddable":true,"href":"https:\/\/jobmotivation.be\/fr\/wp-json\/wp\/v2\/comments?post=13376"}],"version-history":[{"count":9,"href":"https:\/\/jobmotivation.be\/fr\/wp-json\/wp\/v2\/pages\/13376\/revisions"}],"predecessor-version":[{"id":18422,"href":"https:\/\/jobmotivation.be\/fr\/wp-json\/wp\/v2\/pages\/13376\/revisions\/18422"}],"wp:featuredmedia":[{"embeddable":true,"href":"https:\/\/jobmotivation.be\/fr\/wp-json\/wp\/v2\/media\/15231"}],"wp:attachment":[{"href":"https:\/\/jobmotivation.be\/fr\/wp-json\/wp\/v2\/media?parent=13376"}],"curies":[{"name":"wp","href":"https:\/\/api.w.org\/{rel}","templated":true}]}}